{"id":3194,"date":"2018-10-12T13:23:50","date_gmt":"2018-10-12T13:23:50","guid":{"rendered":"https:\/\/balkanbusinessplanning.com\/strategije\/"},"modified":"2023-11-22T20:07:40","modified_gmt":"2023-11-22T20:07:40","slug":"strategije","status":"publish","type":"page","link":"https:\/\/balkanbusinessplanning.com\/sl\/strategije\/","title":{"rendered":"Strategije"},"content":{"rendered":"<section class=\"wpb-content-wrapper\">[vc_row][vc_column][wgl_custom_text font_size=&#8221;16&#8243;]Organizacija: Na\u0161 cilj je izbolj\u0161ati va\u0161e razumevanje finan\u010dnega statusa va\u0161ega podjetja. Na\u0161 POSTOPEK ZA LASTNIKE sistematizira in poenostavlja va\u0161e finan\u010dne podatke ter zagotavlja jasno referen\u010dno to\u010dko za oceno finan\u010dnega stanja.<\/p>\n<p>Poro\u010dilo Trenutni presek prikazuje u\u010dinkovitost va\u0161ih strategij za\u0161\u010dite tako za poslovne cilje kot tudi za na\u010drtovanje izstopa. Ocena vam pomaga lo\u010diti klju\u010dne in nujne postavke in vam na ta na\u010din omogo\u010da u\u010dinkovito opredelitev prioritet.[\/wgl_custom_text][wgl_spacing spacer_size=&#8221;50&#8243; screen_tablet=&#8221;600&#8243; responsive_tablet=&#8221;true&#8221; size_tablet=&#8221;30&#8243;][\/vc_column][\/vc_row][vc_row][vc_column][wgl_info_box icon_type=&#8221;font&#8221; icon_font_type=&#8221;type_fontawesome&#8221; icon_fontawesome=&#8221;far fa-pause-circle&#8221; ib_title=&#8221;Prekinitev poslovanja:&#8221; ib_content=&#8221;Trajnost poslovanja vklju\u010duje zagotovljeno pokojnino in zapu\u0161\u010dino za najbli\u017eje, potencialno pa tudi podjetje. Na\u0161e podjetje pripravlja na\u010drte za vse mo\u017ene scenarije nadaljnjih korakov, kar vam omogo\u010da maksimiranje finan\u010dnih mo\u017enosti \u2013 ne glede na morebitne nepri\u010dakovane okoli\u0161\u010dine v prihodnosti.&#8221; add_shadow=&#8221;true&#8221; add_icon_shadow=&#8221;true&#8221;][wgl_info_box icon_type=&#8221;font&#8221; icon_font_type=&#8221;type_fontawesome&#8221; icon_fontawesome=&#8221;fas fa-exclamation-triangle&#8221; ib_title=&#8221;Upravljanje s tveganji:&#8221; ib_content=&#8221;Lastniki podjetij se dobro zavedajo tveganj. Ustanovitev podjetja, ki ima za cilj rast, pomeni prevzem tveganj, nagrade pa so zato lahko precej\u0161nje. Pri snovanju razvojnih in izstopnih na\u010drtov je nujno ocenjevanje in spremljanje tveganj. Ne glede na to, ali imate namen podjetje \u010dez nekaj let prodati ali pa nadaljevati s poslovanjem, je klju\u010dnega pomena, da imate sposobno ekipo, ki vam pomaga pri upravljanju s tveganji. To je klju\u010dnega pomena za ohranjanje rasti in stabilnosti podjetja, za\u0161\u010dito delavcev in slu\u017eenje skupnosti.&#8221; add_shadow=&#8221;true&#8221; add_icon_shadow=&#8221;true&#8221;][wgl_info_box icon_type=&#8221;font&#8221; icon_font_type=&#8221;type_fontawesome&#8221; icon_fontawesome=&#8221;fas fa-hands&#8221; ib_title=&#8221;Zadr\u017eavanje klju\u010dnih delavcev:&#8221; ib_content=&#8221;Delavci so klju\u010dni vir vsakega podjetja. Izjemni delavci lahko ob\u010dutno pove\u010dajo dobi\u010dek, vendar so redki in te\u017eko jih je zadr\u017eati. \u010ce se imate namen umakniti ali prodati svoje podjetje, mora le-to nemoteno delovati brez vas. Da bi pove\u010dali vrednost podjetja, morajo klju\u010dni na\u010drti zadr\u017eevanja delavcev obvezno vklju\u010devati inovativne pristope, da bi bili delavci predani va\u0161emu podjetju 10, 15 ali 20 let.&#8221; add_shadow=&#8221;true&#8221;][wgl_info_box icon_type=&#8221;font&#8221; icon_font_type=&#8221;type_fontawesome&#8221; icon_fontawesome=&#8221;fas fa-university&#8221; ib_title=&#8221;Na\u010drtovanje poslovnega dolga:&#8221; ib_content=&#8221;Poslovni dolg se obi\u010dajno prevzame, da bi se pove\u010dala neto vrednost ali vrednost podjetja. Pri vrednotenju dolga je treba upo\u0161tevati tri dejavnike \u2013 zakaj se uporablja, vrsto dolga in dobo odpla\u010devanja. Obstaja mnenje, da za to obstaja univerzalno pravilo, vendar to zaradi razli\u010dnih dejavnikov ni tako enostavno. Na\u0161 Postopek za lastnike analizira najpomembnej\u0161e podrobnosti in vam na ta na\u010din pomaga sprejemati dobro premi\u0161ljene odlo\u010ditve, ki so v skladu z va\u0161imi osebnimi in poslovnimi cilji.&#8221; add_shadow=&#8221;true&#8221; add_icon_shadow=&#8221;true&#8221;][wgl_info_box icon_type=&#8221;font&#8221; icon_font_type=&#8221;type_fontawesome&#8221; icon_fontawesome=&#8221;fas fa-file-invoice&#8221; ib_title=&#8221;Na\u010drtovanje davka na dobi\u010dek:&#8221; ib_content=&#8221;Dav\u010dna u\u010dinkovitost je klju\u010dnega pomena, ko gre za dav\u010dno na\u010drtovanje. Ustrezno dav\u010dno na\u010drtovanje zagotavlja, da vsi finan\u010dni vidiki delujejo usklajeno na naju\u010dinkovitej\u0161i mo\u017eni na\u010din. Minimiziranje dav\u010dnih obveznosti je klju\u010dnega pomena za lastnike podjetij, zato je dav\u010dno na\u010drtovanje med bistvenimi komponentami Balkan Business Planning Postopka za lastnike.&#8221; add_shadow=&#8221;true&#8221; add_icon_shadow=&#8221;true&#8221;][wgl_info_box icon_type=&#8221;font&#8221; icon_font_type=&#8221;type_fontawesome&#8221; icon_fontawesome=&#8221;fas fa-comment-dollar&#8221; ib_title=&#8221;Maksimiranje denarnih tokov:&#8221; ib_content=&#8221;Kako naj va\u0161e podjetje naju\u010dinkovitej\u0161e uporablja denarne tokove? Bi bil odgovor druga\u010den, \u010de bi se jutri upokojili? Lastniki podjetij obi\u010dajno ve\u010dino zaslu\u017eka vlagajo v podjetje in zanemarjajo svojo osebno finan\u010dno blaginjo. Na\u0161 pristop analizira korporativne denarne tokove, s \u010dimer zagotavljamo vzpostavitev trdnega poslovnega in osebnega finan\u010dnega na\u010drta, ki vam omogo\u010da, da se upokojite, kot \u017eelite.&#8221; add_shadow=&#8221;true&#8221;][wgl_info_box icon_type=&#8221;font&#8221; icon_font_type=&#8221;type_fontawesome&#8221; icon_fontawesome=&#8221;fas fa-file-signature&#8221; ib_title=&#8221;Na\u010drtovanje poslovnega nasledstva:&#8221; ib_content=&#8221;Ker ste svoja najproduktivnej\u0161a leta namenili gradnji svojega podjetja, lahko z modrimi odlo\u010ditvami o prenosu tega dragocenega vira ob\u010dutno zni\u017eate davke. Prepu\u0161\u010danje prenosa podjetja in njegovih prihodkov naklju\u010dju ni vzdr\u017eno. Tak\u0161na situacija je primer reka &#8220;bolje prepre\u010diti kot zdraviti&#8220;, saj lahko s preventivnimi ukrepi prepre\u010dimo prihodnje zaplete.&#8221; add_shadow=&#8221;true&#8221; add_icon_shadow=&#8221;true&#8221;][wgl_info_box icon_type=&#8221;font&#8221; icon_font_type=&#8221;type_fontawesome&#8221; icon_fontawesome=&#8221;fas fa-door-open&#8221; ib_title=&#8221;Na\u010drtovanje izstopa za lastnike:&#8221; ib_content=&#8221;Vsako podjetje se neizogibno soo\u010da s potrebo po na\u010drtovanju izstopa. Zato se je vsake poslovne odlo\u010ditve treba lotiti z vidika na\u010drtovanja izstopa. Ko se bli\u017ea va\u0161 ciljni datum izstopa, postane visoko strukturiran postopek na\u010drtovanja izstopa klju\u010dnega pomena, saj zagotavlja, da podjetje prepustite komur ste namenili \u2013 za \u017eeleni znesek.&#8221; add_shadow=&#8221;true&#8221; add_icon_shadow=&#8221;true&#8221;][\/vc_column][\/vc_row]\n<\/section>","protected":false},"excerpt":{"rendered":"<p>[vc_row][vc_column][wgl_custom_text font_size=&#8221;16&#8243;]Organizacija: Na\u0161 cilj je izbolj\u0161ati va\u0161e razumevanje finan\u010dnega statusa va\u0161ega podjetja. Na\u0161 POSTOPEK ZA LASTNIKE sistematizira in poenostavlja va\u0161e finan\u010dne podatke ter zagotavlja jasno referen\u010dno to\u010dko za oceno finan\u010dnega stanja. Poro\u010dilo Trenutni presek prikazuje u\u010dinkovitost va\u0161ih strategij za\u0161\u010dite tako za poslovne cilje kot tudi za na\u010drtovanje izstopa. Ocena vam pomaga lo\u010diti klju\u010dne in nujne [&hellip;]<\/p>\n","protected":false},"author":2,"featured_media":0,"parent":0,"menu_order":0,"comment_status":"closed","ping_status":"closed","template":"","meta":{"footnotes":""},"_links":{"self":[{"href":"https:\/\/balkanbusinessplanning.com\/sl\/wp-json\/wp\/v2\/pages\/3194"}],"collection":[{"href":"https:\/\/balkanbusinessplanning.com\/sl\/wp-json\/wp\/v2\/pages"}],"about":[{"href":"https:\/\/balkanbusinessplanning.com\/sl\/wp-json\/wp\/v2\/types\/page"}],"author":[{"embeddable":true,"href":"https:\/\/balkanbusinessplanning.com\/sl\/wp-json\/wp\/v2\/users\/2"}],"replies":[{"embeddable":true,"href":"https:\/\/balkanbusinessplanning.com\/sl\/wp-json\/wp\/v2\/comments?post=3194"}],"version-history":[{"count":3,"href":"https:\/\/balkanbusinessplanning.com\/sl\/wp-json\/wp\/v2\/pages\/3194\/revisions"}],"predecessor-version":[{"id":3198,"href":"https:\/\/balkanbusinessplanning.com\/sl\/wp-json\/wp\/v2\/pages\/3194\/revisions\/3198"}],"wp:attachment":[{"href":"https:\/\/balkanbusinessplanning.com\/sl\/wp-json\/wp\/v2\/media?parent=3194"}],"curies":[{"name":"wp","href":"https:\/\/api.w.org\/{rel}","templated":true}]}}