{"id":3185,"date":"2018-10-15T14:15:12","date_gmt":"2018-10-15T14:15:12","guid":{"rendered":"https:\/\/balkanbusinessplanning.com\/o-nas\/"},"modified":"2023-11-22T20:02:33","modified_gmt":"2023-11-22T20:02:33","slug":"o-nas","status":"publish","type":"page","link":"https:\/\/balkanbusinessplanning.com\/sl\/o-nas\/","title":{"rendered":"O nas"},"content":{"rendered":"<section class=\"wpb-content-wrapper\">[vc_row][vc_column][wgl_spacing spacer_size=&#8221;50&#8243;][wgl_double_headings align=&#8221;center&#8221; title_color=&#8221;#232323&#8243; subtitle_color=&#8221;#6cbe9f&#8221; bgtitle_color=&#8221;#f3f3f3&#8243; title=&#8221;O nas&#8221; bg_responsive_font=&#8221;true&#8221; bg_font_size_desctop=&#8221;120&#8243; bg_font_size_tablet=&#8221;90&#8243; bg_font_size_mobile=&#8221;50&#8243;][wgl_spacing spacer_size=&#8221;17&#8243;][\/vc_column][\/vc_row][vc_row][vc_column][vc_column_text]<em>V prvih dneh dru\u017ebe Balkan Business Planning smo se zavestno odlo\u010dili, da se osredoto\u010dimo na lastnike podjetij. Od takrat smo pomagali tiso\u010dim lastnikom podjetij in izpopolnili sistem na\u010drtovanja, ki je edinstven v panogi. Na\u0161 pristop se za\u010dne z racionalizacijo poslovnih financ, tako da na\u010drtovanje postane prioriteta. Va\u0161i svetovalci koordinirajo za u\u010dinkovito na\u010drtovanje in re\u0161itve!<\/em>![\/vc_column_text][\/vc_column][\/vc_row][vc_row][vc_column][wgl_spacing spacer_size=&#8221;30px&#8221;][wgl_custom_text font_size=&#8221;16&#8243;]<span style=\"color: #ffffff; background-color: #6cbe9f;\" class=\"highlighter\"><strong>O\u017eja specialnost<\/strong><\/span><\/p>\n<ul>\n<li>Prekinitev poslovanja<\/li>\n<li>Upravljanje s tveganji<\/li>\n<li>Za\u0161\u010dita premo\u017eenja<\/li>\n<li>Zadr\u017eevanje klju\u010dnih delavcev<\/li>\n<li>Na\u010drtovanje poslovnega dolga<\/li>\n<li>Upravljanje premo\u017eenja<\/li>\n<li>Na\u010drtovanje davka na dobi\u010dek<\/li>\n<li>Maksimiranje denarnih tokov<\/li>\n<li>Na\u010drtovanje upokojitve<\/li>\n<li>Na\u010drtovanje nasledstva<\/li>\n<li>Poslovni interesi<\/li>\n<li>Na\u010drtovanje izstopa za lastnike<\/li>\n<\/ul>\n[\/wgl_custom_text][\/vc_column][\/vc_row][vc_row][vc_column][\/vc_column][\/vc_row]\n<\/section>","protected":false},"excerpt":{"rendered":"<p>[vc_row][vc_column][wgl_spacing spacer_size=&#8221;50&#8243;][wgl_double_headings align=&#8221;center&#8221; title_color=&#8221;#232323&#8243; subtitle_color=&#8221;#6cbe9f&#8221; bgtitle_color=&#8221;#f3f3f3&#8243; title=&#8221;O nas&#8221; bg_responsive_font=&#8221;true&#8221; bg_font_size_desctop=&#8221;120&#8243; bg_font_size_tablet=&#8221;90&#8243; bg_font_size_mobile=&#8221;50&#8243;][wgl_spacing spacer_size=&#8221;17&#8243;][\/vc_column][\/vc_row][vc_row][vc_column][vc_column_text]V prvih dneh dru\u017ebe Balkan Business Planning smo se zavestno odlo\u010dili, da se osredoto\u010dimo na lastnike podjetij. Od takrat smo pomagali tiso\u010dim lastnikom podjetij in izpopolnili sistem na\u010drtovanja, ki je edinstven v panogi. Na\u0161 pristop se za\u010dne z racionalizacijo poslovnih financ, tako da [&hellip;]<\/p>\n","protected":false},"author":2,"featured_media":3186,"parent":0,"menu_order":0,"comment_status":"closed","ping_status":"closed","template":"","meta":{"footnotes":""},"_links":{"self":[{"href":"https:\/\/balkanbusinessplanning.com\/sl\/wp-json\/wp\/v2\/pages\/3185"}],"collection":[{"href":"https:\/\/balkanbusinessplanning.com\/sl\/wp-json\/wp\/v2\/pages"}],"about":[{"href":"https:\/\/balkanbusinessplanning.com\/sl\/wp-json\/wp\/v2\/types\/page"}],"author":[{"embeddable":true,"href":"https:\/\/balkanbusinessplanning.com\/sl\/wp-json\/wp\/v2\/users\/2"}],"replies":[{"embeddable":true,"href":"https:\/\/balkanbusinessplanning.com\/sl\/wp-json\/wp\/v2\/comments?post=3185"}],"version-history":[{"count":2,"href":"https:\/\/balkanbusinessplanning.com\/sl\/wp-json\/wp\/v2\/pages\/3185\/revisions"}],"predecessor-version":[{"id":3188,"href":"https:\/\/balkanbusinessplanning.com\/sl\/wp-json\/wp\/v2\/pages\/3185\/revisions\/3188"}],"wp:featuredmedia":[{"embeddable":true,"href":"https:\/\/balkanbusinessplanning.com\/sl\/wp-json\/wp\/v2\/media\/3186"}],"wp:attachment":[{"href":"https:\/\/balkanbusinessplanning.com\/sl\/wp-json\/wp\/v2\/media?parent=3185"}],"curies":[{"name":"wp","href":"https:\/\/api.w.org\/{rel}","templated":true}]}}