{"id":3208,"date":"2018-10-15T14:15:12","date_gmt":"2018-10-15T14:15:12","guid":{"rendered":"https:\/\/balkanbusinessplanning.com\/o-nama\/"},"modified":"2024-03-15T07:03:24","modified_gmt":"2024-03-15T07:03:24","slug":"o-nama","status":"publish","type":"page","link":"https:\/\/balkanbusinessplanning.com\/mo\/o-nama\/","title":{"rendered":"O nama"},"content":{"rendered":"<section class=\"wpb-content-wrapper\">[vc_row][vc_column][wgl_spacing spacer_size=&#8221;50&#8243;][wgl_double_headings align=&#8221;center&#8221; title_color=&#8221;#232323&#8243; subtitle_color=&#8221;#6cbe9f&#8221; bgtitle_color=&#8221;#f3f3f3&#8243; title=&#8221;O nama&#8221; bg_responsive_font=&#8221;true&#8221; bg_font_size_desctop=&#8221;120&#8243; bg_font_size_tablet=&#8221;90&#8243; bg_font_size_mobile=&#8221;50&#8243;][wgl_spacing spacer_size=&#8221;17&#8243;][\/vc_column][\/vc_row][vc_row][vc_column][vc_column_text]<em>U prvim danima kompanije Balkan Business Planning, svjesno smo odlu\u010dili da se usmjerimo za vlasnike preduze\u0107a. Od tada smo opslu\u017eili na hiljade vlasnika preduze\u0107a i usavr\u0161ili sistem planiranja koji je jedinstven u industriji. Na\u0161 pristup po\u010dinje racionalizacijom poslovnih finansija tako da planiranje postane prioritet. Va\u0161i savjetnici koordiniraju radi efikasnog planiranja i rje\u0161enja!<\/em>[\/vc_column_text][\/vc_column][\/vc_row][vc_row][vc_column][wgl_spacing spacer_size=&#8221;30px&#8221;][wgl_custom_text font_size=&#8221;16&#8243;]<span style=\"color: #ffffff; background-color: #6cbe9f;\" class=\"highlighter\"><strong>U\u017ea specijalnost<\/strong><\/span><\/p>\n<ul>\n<li>Prekid u poslovanju<br \/>\nUpravljanje rizikom<br \/>\nZa\u0161tita imovine<br \/>\nZadr\u017eavanje najbitnijih zaposlenih<br \/>\nPlaniranje poslovnog duga<br \/>\nUpravljanje imovinom<br \/>\nPlaniranje poreza na dobit<br \/>\nMaksimizacija tokova gotovine<br \/>\nPlaniranje penzije<br \/>\nPlaniranje nasljedstva<br \/>\nPoslovni interesi<br \/>\nIzlazno planiranje za vlasnike<\/li>\n<\/ul>\n[\/wgl_custom_text][\/vc_column][\/vc_row][vc_row][vc_column][\/vc_column][\/vc_row]\n<\/section>","protected":false},"excerpt":{"rendered":"<p>[vc_row][vc_column][wgl_spacing spacer_size=&#8221;50&#8243;][wgl_double_headings align=&#8221;center&#8221; title_color=&#8221;#232323&#8243; subtitle_color=&#8221;#6cbe9f&#8221; bgtitle_color=&#8221;#f3f3f3&#8243; title=&#8221;O nama&#8221; bg_responsive_font=&#8221;true&#8221; bg_font_size_desctop=&#8221;120&#8243; bg_font_size_tablet=&#8221;90&#8243; bg_font_size_mobile=&#8221;50&#8243;][wgl_spacing spacer_size=&#8221;17&#8243;][\/vc_column][\/vc_row][vc_row][vc_column][vc_column_text]U prvim danima kompanije Balkan Business Planning, svjesno smo odlu\u010dili da se usmjerimo za vlasnike preduze\u0107a. Od tada smo opslu\u017eili na hiljade vlasnika preduze\u0107a i usavr\u0161ili sistem planiranja koji je jedinstven u industriji. Na\u0161 pristup po\u010dinje racionalizacijom poslovnih finansija tako da planiranje postane [&hellip;]<\/p>\n","protected":false},"author":2,"featured_media":3209,"parent":0,"menu_order":0,"comment_status":"closed","ping_status":"closed","template":"","meta":{"footnotes":""},"_links":{"self":[{"href":"https:\/\/balkanbusinessplanning.com\/mo\/wp-json\/wp\/v2\/pages\/3208"}],"collection":[{"href":"https:\/\/balkanbusinessplanning.com\/mo\/wp-json\/wp\/v2\/pages"}],"about":[{"href":"https:\/\/balkanbusinessplanning.com\/mo\/wp-json\/wp\/v2\/types\/page"}],"author":[{"embeddable":true,"href":"https:\/\/balkanbusinessplanning.com\/mo\/wp-json\/wp\/v2\/users\/2"}],"replies":[{"embeddable":true,"href":"https:\/\/balkanbusinessplanning.com\/mo\/wp-json\/wp\/v2\/comments?post=3208"}],"version-history":[{"count":3,"href":"https:\/\/balkanbusinessplanning.com\/mo\/wp-json\/wp\/v2\/pages\/3208\/revisions"}],"predecessor-version":[{"id":3227,"href":"https:\/\/balkanbusinessplanning.com\/mo\/wp-json\/wp\/v2\/pages\/3208\/revisions\/3227"}],"wp:featuredmedia":[{"embeddable":true,"href":"https:\/\/balkanbusinessplanning.com\/mo\/wp-json\/wp\/v2\/media\/3209"}],"wp:attachment":[{"href":"https:\/\/balkanbusinessplanning.com\/mo\/wp-json\/wp\/v2\/media?parent=3208"}],"curies":[{"name":"wp","href":"https:\/\/api.w.org\/{rel}","templated":true}]}}