{"id":3205,"date":"2018-10-12T13:23:50","date_gmt":"2018-10-12T13:23:50","guid":{"rendered":"https:\/\/balkanbusinessplanning.com\/strategije\/"},"modified":"2024-03-15T07:00:28","modified_gmt":"2024-03-15T07:00:28","slug":"strategije","status":"publish","type":"page","link":"https:\/\/balkanbusinessplanning.com\/mo\/strategije\/","title":{"rendered":"Strategije"},"content":{"rendered":"<section class=\"wpb-content-wrapper\">[vc_row][vc_column][wgl_custom_text font_size=&#8221;16&#8243;]Organizacija: Na\u0161 cilj je da pobolj\u0161amo va\u0161e razumijevanje finansijskog statusa va\u0161e firme. Na\u0161 PROCES ZA VLASNIKE sistematizuje i pojednostavljuje va\u0161e finansijske podatke i pru\u017ea jasnu referentnu ta\u010dku za procjenu finansijskog stanja.<\/p>\n<p>Izvje\u0161taj Trenutni prijesek ukazuje na efikasnost va\u0161ih strategija za\u0161tite i za poslovne ciljeve i za izlazno planiranje. Procjena vam poma\u017ee da razdvojite klju\u010dne i hitne stavke i tako vam omogu\u0107ava da efikasno utvrdite prioritete.[\/wgl_custom_text][wgl_spacing spacer_size=&#8221;50&#8243; screen_tablet=&#8221;600&#8243; responsive_tablet=&#8221;true&#8221; size_tablet=&#8221;30&#8243;][\/vc_column][\/vc_row][vc_row][vc_column][wgl_info_box icon_type=&#8221;font&#8221; icon_font_type=&#8221;type_fontawesome&#8221; icon_fontawesome=&#8221;far fa-pause-circle&#8221; ib_title=&#8221;Prekid u poslovanju:&#8221; ib_content=&#8221;Dugovje\u010dnost poslovanja uklju\u010duje osiguranu penziju i zaostav\u0161tinu za najbli\u017ee, a potencijalno i preduze\u0107e. Na\u0161a firma priprema planove za sve mogu\u0107e scenarije daljih koraka, \u0161to vam omogu\u0107ava da maksimizujete finansijske izglede \u2013 bez obzira na eventualne neo\u010dekivane okolnosti u budu\u0107nosti.&#8221; add_shadow=&#8221;true&#8221; add_icon_shadow=&#8221;true&#8221;][wgl_info_box icon_type=&#8221;font&#8221; icon_font_type=&#8221;type_fontawesome&#8221; icon_fontawesome=&#8221;fas fa-exclamation-triangle&#8221; ib_title=&#8221;Upravljanje rizikom:&#8221; ib_content=&#8221;Vlasnici preduze\u0107a dobro znaju \u0161ta je rizik. Pokretanje posla koji cilja na rast podrazumijeva preuzimanje rizika, ali nagrade mogu da budu zna\u010dajne. Kad osmi\u0161ljavate razvojne i izlazne planove, neophodno je da procijenite i pratite rizike. Bez obzira na to da li planirate da prodate preduze\u0107e za nekoliko godina ili da nastavite da radite, klju\u010dno je da imate umje\u0161an tim koji vam poma\u017ee u upravljanju rizicima. To je klju\u010dno za odr\u017eavanje rasta i stabilnosti kompanije, za\u0161titu zaposlenih i slu\u017eenje zajednici.&#8221; add_shadow=&#8221;true&#8221; add_icon_shadow=&#8221;true&#8221;][wgl_info_box icon_type=&#8221;font&#8221; icon_font_type=&#8221;type_fontawesome&#8221; icon_fontawesome=&#8221;fas fa-hands&#8221; ib_title=&#8221;Zadr\u017eavanje najbitnijih zaposlenih:&#8221; ib_content=&#8221;Zaposleni su klju\u010dan resurs svake kompanije. Izuzetni zaposleni mogu zna\u010dajno da uve\u0107avaju profit, ali su rijetkost i te\u0161ko ih je zadr\u017eati. Ako namjeravate da se povu\u010dete ili prodate svoje preduze\u0107e, ono mora da funkcioni\u0161e besprijekorno bez vas. Da biste pove\u0107ali vrijednost kompanije, klju\u010dni planovi za zadr\u017eavanje zaposlenih obavezno treba da uklju\u010duju inovativne pristupe kako bi zaposleni bili posvje\u0107eni va\u0161oj kompaniji 10, 15 ili 20 godina.&#8221; add_shadow=&#8221;true&#8221;][wgl_info_box icon_type=&#8221;font&#8221; icon_font_type=&#8221;type_fontawesome&#8221; icon_fontawesome=&#8221;fas fa-university&#8221; ib_title=&#8221;Planiranje poslovnog duga:&#8221; ib_content=&#8221;Poslovni dug se obi\u010dno preuzima da bi se pove\u0107ala neto vrijednost ili vrijednost kompanije. Tri faktora treba uzeti u obzir kod procjene duga \u2013 za\u0161to se koristi, vrstu duga i vrijeme otplate. Postoji mi\u0161ljenje da postoji univerzalno pravilo za ovo, ali to nije tako jednostavno zbog razli\u010ditih faktora. Na\u0161 Proces za vlasnike analizira najbitnije detalje i tako vam poma\u017ee da donosite dobro potkovane odluke koje su uskla\u0111ene s va\u0161im li\u010dnim i poslovnim ciljevima.&#8221; add_shadow=&#8221;true&#8221; add_icon_shadow=&#8221;true&#8221;][wgl_info_box icon_type=&#8221;font&#8221; icon_font_type=&#8221;type_fontawesome&#8221; icon_fontawesome=&#8221;fas fa-file-invoice&#8221; ib_title=&#8221;Planiranje poreza na dobit:&#8221; ib_content=&#8221;Poreska efikasnost je presudna kada je u pitanju poresko planiranje. Adekvatno poresko planiranje obezbje\u0111uje da svi finansijski aspekti funkcioni\u0161u usagla\u0161eno na najefikasniji mogu\u0107i na\u010din. Minimizacija poreskih obaveza je klju\u010dna za vlasnike kompanija, i zato je poresko planiranje me\u0111u su\u0161tinskim komponentama Balkan Business Planning Procesa za vlasnike.&#8221; add_shadow=&#8221;true&#8221; add_icon_shadow=&#8221;true&#8221;][wgl_info_box icon_type=&#8221;font&#8221; icon_font_type=&#8221;type_fontawesome&#8221; icon_fontawesome=&#8221;fas fa-comment-dollar&#8221; ib_title=&#8221;Maksimizacija tokova gotovine:&#8221; ib_content=&#8221;Kako bi va\u0161a kompanija trebalo da najefikasnije koristi tokove gotovine? Da li bi odgovor bio druga\u010diji da sutra idete u penziju? Vlasnici preduze\u0107a obi\u010dno ula\u017eu ve\u0107inu zarade u posao i zanemaruju li\u010dno finansijsko blagostanje. Na\u0161 pristup preispituje korporativne tokove gotovine, \u010dime obezbje\u0111ujemo uspostavljanje \u010dvrstog poslovnog i li\u010dnog finansijskog plana koji omogu\u0107ava da se penzioni\u0161ete onako kako \u017eelite.&#8221; add_shadow=&#8221;true&#8221;][wgl_info_box icon_type=&#8221;font&#8221; icon_font_type=&#8221;type_fontawesome&#8221; icon_fontawesome=&#8221;fas fa-file-signature&#8221; ib_title=&#8221;Planiranje poslovnog nasljedstva:&#8221; ib_content=&#8221;Po\u0161to ste najproduktivnije godine posvetili izgra\u0111ivanju preduze\u0107a, mudre odluke o preno\u0161enju ovog vrijednog resursa mo\u017ee zna\u010dajno da smanji porez. Prepu\u0161tanje prijenosa kompanije i njenih prihoda slu\u010daju nije odr\u017eivo. Ova situacija je primjer izreke \u201ebolje sprije\u010diti nego lije\u010diti\u201c jer preduzimanje preventivnih mjera mo\u017ee da sprije\u010di budu\u0107e komplikacije.&#8221; add_shadow=&#8221;true&#8221; add_icon_shadow=&#8221;true&#8221;][wgl_info_box icon_type=&#8221;font&#8221; icon_font_type=&#8221;type_fontawesome&#8221; icon_fontawesome=&#8221;fas fa-door-open&#8221; ib_title=&#8221;Izlazno planiranje za vlasnike:&#8221; ib_content=&#8221;Svako preduze\u0107e se neizbje\u017eno suo\u010di sa potrebom za izlaznim planiranjem. Zbog toga svakoj poslovnoj odluci treba da se pristupi iz ugla izlaznog planiranja. Kako se bli\u017ei ciljani datum izlaska, visoko struktuiran proces izlaznog planiranja postaje klju\u010dan jer obezbje\u0111uje da kompaniju prepu\u0161tate kome namjeravate \u2013 za iznos koji \u017eelite.&#8221; add_shadow=&#8221;true&#8221; add_icon_shadow=&#8221;true&#8221;][\/vc_column][\/vc_row]\n<\/section>","protected":false},"excerpt":{"rendered":"<p>[vc_row][vc_column][wgl_custom_text font_size=&#8221;16&#8243;]Organizacija: Na\u0161 cilj je da pobolj\u0161amo va\u0161e razumijevanje finansijskog statusa va\u0161e firme. Na\u0161 PROCES ZA VLASNIKE sistematizuje i pojednostavljuje va\u0161e finansijske podatke i pru\u017ea jasnu referentnu ta\u010dku za procjenu finansijskog stanja. Izvje\u0161taj Trenutni prijesek ukazuje na efikasnost va\u0161ih strategija za\u0161tite i za poslovne ciljeve i za izlazno planiranje. Procjena vam poma\u017ee da razdvojite klju\u010dne [&hellip;]<\/p>\n","protected":false},"author":2,"featured_media":0,"parent":0,"menu_order":0,"comment_status":"closed","ping_status":"closed","template":"","meta":{"footnotes":""},"_links":{"self":[{"href":"https:\/\/balkanbusinessplanning.com\/mo\/wp-json\/wp\/v2\/pages\/3205"}],"collection":[{"href":"https:\/\/balkanbusinessplanning.com\/mo\/wp-json\/wp\/v2\/pages"}],"about":[{"href":"https:\/\/balkanbusinessplanning.com\/mo\/wp-json\/wp\/v2\/types\/page"}],"author":[{"embeddable":true,"href":"https:\/\/balkanbusinessplanning.com\/mo\/wp-json\/wp\/v2\/users\/2"}],"replies":[{"embeddable":true,"href":"https:\/\/balkanbusinessplanning.com\/mo\/wp-json\/wp\/v2\/comments?post=3205"}],"version-history":[{"count":4,"href":"https:\/\/balkanbusinessplanning.com\/mo\/wp-json\/wp\/v2\/pages\/3205\/revisions"}],"predecessor-version":[{"id":3226,"href":"https:\/\/balkanbusinessplanning.com\/mo\/wp-json\/wp\/v2\/pages\/3205\/revisions\/3226"}],"wp:attachment":[{"href":"https:\/\/balkanbusinessplanning.com\/mo\/wp-json\/wp\/v2\/media?parent=3205"}],"curies":[{"name":"wp","href":"https:\/\/api.w.org\/{rel}","templated":true}]}}