{"id":3171,"date":"2018-10-12T13:23:50","date_gmt":"2018-10-12T13:23:50","guid":{"rendered":"https:\/\/balkanbusinessplanning.com\/strategije\/"},"modified":"2023-11-22T19:54:55","modified_gmt":"2023-11-22T19:54:55","slug":"strategije","status":"publish","type":"page","link":"https:\/\/balkanbusinessplanning.com\/hr\/strategije\/","title":{"rendered":"Strategije"},"content":{"rendered":"<section class=\"wpb-content-wrapper\">[vc_row][vc_column][wgl_custom_text font_size=&#8221;16&#8243;]Organizacija: Na\u0161 cilj je pobolj\u0161ati va\u0161e razumijevanje financijskog statusa va\u0161e tvrtke. ZA VLASNIKE sistematizira i pojednostavljuje va\u0161e financijske podatke i pru\u017ea jasnu referentnu to\u010dku za procjenu financijskog zdravlja.<\/p>\n<p>Izvje\u0161\u0107e Current Slice ukazuje na u\u010dinkovitost va\u0161ih strategija za\u0161tite i za poslovne ciljeve i za planiranje izlaza. Procjena vam poma\u017ee razdvojiti kriti\u010dne i hitne stavke i tako vam omogu\u0107uje u\u010dinkovito odre\u0111ivanje prioriteta.[\/wgl_custom_text][wgl_spacing spacer_size=&#8221;50&#8243; screen_tablet=&#8221;600&#8243; responsive_tablet=&#8221;true&#8221; size_tablet=&#8221;30&#8243;][\/vc_column][\/vc_row][vc_row][vc_column][wgl_info_box icon_type=&#8221;font&#8221; icon_font_type=&#8221;type_fontawesome&#8221; icon_fontawesome=&#8221;far fa-pause-circle&#8221; ib_title=&#8221;Prekid u poslovanju:&#8221; ib_content=&#8221;Poslovna dugovje\u010dnost uklju\u010duje osiguranu mirovinu i ostav\u0161tinu za voljene osobe, a potencijalno i posao. Na\u0161a tvrtka priprema planove za sve mogu\u0107e scenarije daljnjih koraka, \u0161to vam omogu\u0107uje maksimiziranje financijskih izgleda &#8211; bez obzira na mogu\u0107e neo\u010dekivane okolnosti u budu\u0107nosti.&#8221; add_shadow=&#8221;true&#8221; add_icon_shadow=&#8221;true&#8221;][wgl_info_box icon_type=&#8221;font&#8221; icon_font_type=&#8221;type_fontawesome&#8221; icon_fontawesome=&#8221;fas fa-exclamation-triangle&#8221; ib_title=&#8221;Upravljanje rizikom:&#8221; ib_content=&#8221;Vlasnici tvrtki vrlo dobro znaju \u0161to je rizik. Pokretanje poduze\u0107a koje te\u017ei rastu uklju\u010duje preuzimanje rizika, ali nagrade mogu biti zna\u010dajne. Prilikom izrade razvojnih i izlaznih planova bitno je procijeniti i pratiti rizike. Bez obzira na to planirate li prodati tvrtku za nekoliko godina ili nastaviti s radom, klju\u010dno je imati uklju\u010den tim koji \u0107e vam pomo\u0107i u upravljanju rizicima. Klju\u010dno je za odr\u017eavanje rasta i stabilnosti tvrtke, za\u0161titu zaposlenika i slu\u017eenje zajednici.&#8221; add_shadow=&#8221;true&#8221; add_icon_shadow=&#8221;true&#8221;][wgl_info_box icon_type=&#8221;font&#8221; icon_font_type=&#8221;type_fontawesome&#8221; icon_fontawesome=&#8221;fas fa-hands&#8221; ib_title=&#8221;Zadr\u017eavanje najbitnijih zaposlenika:&#8221; ib_content=&#8221;Zaposlenici su klju\u010dni resurs svake tvrtke. Izuzetni zaposlenici mogu zna\u010dajno pove\u0107ati profit, ali su rijetki i te\u0161ko ih je zadr\u017eati. Ako se namjeravate povu\u0107i ili prodati svoju tvrtku, ona mora glatko funkcionirati i bez vas. Kako bi se pove\u0107ala vrijednost tvrtke, klju\u010dni planovi zadr\u017eavanja zaposlenika moraju uklju\u010divati \u200b\u200binovativne pristupe kako bi zaposlenici ostali privr\u017eeni va\u0161oj tvrtki 10, 15 ili 20 godina.&#8221; add_shadow=&#8221;true&#8221;][wgl_info_box icon_type=&#8221;font&#8221; icon_font_type=&#8221;type_fontawesome&#8221; icon_fontawesome=&#8221;fas fa-university&#8221; ib_title=&#8221;Planiranje poslovnog duga:<br \/>\n&#8221; ib_content=&#8221;Poslovni dug se obi\u010dno preuzima kako bi se pove\u0107ala neto vrijednost ili vrijednost tvrtke. Prilikom procjene duga treba uzeti u obzir tri faktora &#8211; za\u0161to se koristi, vrstu duga i rok otplate. Postoji mi\u0161ljenje da za to postoji univerzalno pravilo, ali ono nije tako jednostavno zbog raznih \u010dimbenika. Na\u0161 Vlasni\u010dki proces analizira najva\u017enije detalje kako bi vam pomogao u dono\u0161enju informiranih odluka koje su u skladu s va\u0161im osobnim i poslovnim ciljevima.&#8221; add_shadow=&#8221;true&#8221; add_icon_shadow=&#8221;true&#8221;][wgl_info_box icon_type=&#8221;font&#8221; icon_font_type=&#8221;type_fontawesome&#8221; icon_fontawesome=&#8221;fas fa-file-invoice&#8221; ib_title=&#8221;Planiranje poreza na dohodak:&#8221; ib_content=&#8221;Porezna u\u010dinkovitost klju\u010dna je kada se radi o poreznom planiranju. Adekvatno porezno planiranje osigurava da svi financijski aspekti funkcioniraju skladno i na naju\u010dinkovitiji mogu\u0107i na\u010din. Minimiziranje poreznih obveza klju\u010dno je za vlasnike poduze\u0107a i zato je porezno planiranje me\u0111u bitnim komponentama Balkanskog procesa poslovnog planiranja za vlasnike.&#8221; add_shadow=&#8221;true&#8221; add_icon_shadow=&#8221;true&#8221;][wgl_info_box icon_type=&#8221;font&#8221; icon_font_type=&#8221;type_fontawesome&#8221; icon_fontawesome=&#8221;fas fa-comment-dollar&#8221; ib_title=&#8221;Maksimiziranje nov\u010danih tokova:&#8221; ib_content=&#8221;Kako bi va\u0161a tvrtka trebala naju\u010dinkovitije iskoristiti nov\u010dani tok? Bi li odgovor bio druga\u010diji da sutra odete u mirovinu? Vlasnici tvrtki obi\u010dno ula\u017eu ve\u0107inu svoje zarade u tvrtku i zanemaruju svoje osobno financijsko blagostanje. Na\u0161 pristup preispituje korporativne nov\u010dane tijekove, osiguravaju\u0107i uspostavu solidnog poslovnog i osobnog financijskog plana koji vam omogu\u0107uje da odete u mirovinu onako kako \u017eelite.&#8221; add_shadow=&#8221;true&#8221;][wgl_info_box icon_type=&#8221;font&#8221; icon_font_type=&#8221;type_fontawesome&#8221; icon_fontawesome=&#8221;fas fa-file-signature&#8221; ib_title=&#8221;Planiranje poslovnog naslje\u0111ivanja:&#8221; ib_content=&#8221;Budu\u0107i da ste svoje najproduktivnije godine proveli u izgradnji svog poslovanja, dono\u0161enje mudrih odluka o prijenosu ovog vrijednog resursa mo\u017ee zna\u010dajno smanjiti va\u0161e poreze. Prepu\u0161tanje slu\u010dajnosti prijenosa poduze\u0107a i njegovih prihoda nije odr\u017eivo. Ova situacija je primjer izreke &#8220;bolje sprije\u010diti nego lije\u010diti&#8220; jer poduzimanje preventivnih mjera mo\u017ee sprije\u010diti budu\u0107e komplikacije.&#8221; add_shadow=&#8221;true&#8221; add_icon_shadow=&#8221;true&#8221;][wgl_info_box icon_type=&#8221;font&#8221; icon_font_type=&#8221;type_fontawesome&#8221; icon_fontawesome=&#8221;fas fa-door-open&#8221; ib_title=&#8221;Planiranje izlaza za vlasnike:&#8221; ib_content=&#8221;Svaki se posao neizbje\u017eno suo\u010dava s potrebom za planiranjem izlaska. Stoga svakoj poslovnoj odluci treba pristupiti sa stajali\u0161ta planiranja izlaska. Kako se va\u0161 ciljni datum izlaska pribli\u017eava, visoko strukturirani proces planiranja izlaska postaje kriti\u010dan jer osigurava da napustite tvrtku kojoj namjeravate &#8211; za iznos koji \u017eelite.&#8221; add_shadow=&#8221;true&#8221; add_icon_shadow=&#8221;true&#8221;][\/vc_column][\/vc_row]\n<\/section>","protected":false},"excerpt":{"rendered":"<p>[vc_row][vc_column][wgl_custom_text font_size=&#8221;16&#8243;]Organizacija: Na\u0161 cilj je pobolj\u0161ati va\u0161e razumijevanje financijskog statusa va\u0161e tvrtke. ZA VLASNIKE sistematizira i pojednostavljuje va\u0161e financijske podatke i pru\u017ea jasnu referentnu to\u010dku za procjenu financijskog zdravlja. Izvje\u0161\u0107e Current Slice ukazuje na u\u010dinkovitost va\u0161ih strategija za\u0161tite i za poslovne ciljeve i za planiranje izlaza. Procjena vam poma\u017ee razdvojiti kriti\u010dne i hitne stavke i [&hellip;]<\/p>\n","protected":false},"author":2,"featured_media":0,"parent":0,"menu_order":0,"comment_status":"closed","ping_status":"closed","template":"","meta":{"footnotes":""},"_links":{"self":[{"href":"https:\/\/balkanbusinessplanning.com\/hr\/wp-json\/wp\/v2\/pages\/3171"}],"collection":[{"href":"https:\/\/balkanbusinessplanning.com\/hr\/wp-json\/wp\/v2\/pages"}],"about":[{"href":"https:\/\/balkanbusinessplanning.com\/hr\/wp-json\/wp\/v2\/types\/page"}],"author":[{"embeddable":true,"href":"https:\/\/balkanbusinessplanning.com\/hr\/wp-json\/wp\/v2\/users\/2"}],"replies":[{"embeddable":true,"href":"https:\/\/balkanbusinessplanning.com\/hr\/wp-json\/wp\/v2\/comments?post=3171"}],"version-history":[{"count":4,"href":"https:\/\/balkanbusinessplanning.com\/hr\/wp-json\/wp\/v2\/pages\/3171\/revisions"}],"predecessor-version":[{"id":3183,"href":"https:\/\/balkanbusinessplanning.com\/hr\/wp-json\/wp\/v2\/pages\/3171\/revisions\/3183"}],"wp:attachment":[{"href":"https:\/\/balkanbusinessplanning.com\/hr\/wp-json\/wp\/v2\/media?parent=3171"}],"curies":[{"name":"wp","href":"https:\/\/api.w.org\/{rel}","templated":true}]}}