{"id":3157,"date":"2018-10-15T14:15:12","date_gmt":"2018-10-15T14:15:12","guid":{"rendered":"https:\/\/balkanbusinessplanning.com\/o-nama\/"},"modified":"2023-11-22T19:51:55","modified_gmt":"2023-11-22T19:51:55","slug":"o-nama","status":"publish","type":"page","link":"https:\/\/balkanbusinessplanning.com\/hr\/o-nama\/","title":{"rendered":"O nama"},"content":{"rendered":"<section class=\"wpb-content-wrapper\">[vc_row][vc_column][wgl_spacing spacer_size=&#8221;50&#8243;][wgl_double_headings align=&#8221;center&#8221; title_color=&#8221;#232323&#8243; subtitle_color=&#8221;#6cbe9f&#8221; bgtitle_color=&#8221;#f3f3f3&#8243; title=&#8221;O nama&#8221; bg_responsive_font=&#8221;true&#8221; bg_font_size_desctop=&#8221;120&#8243; bg_font_size_tablet=&#8221;90&#8243; bg_font_size_mobile=&#8221;50&#8243;][wgl_spacing spacer_size=&#8221;17&#8243;][\/vc_column][\/vc_row][vc_row][vc_column][vc_column_text]<em>U prvim danima Balkan Business Planninga, svjesno smo se odlu\u010dili usredoto\u010diti na vlasnike poduze\u0107a. Od tada smo uslu\u017eili tisu\u0107e vlasnika tvrtki i usavr\u0161ili sustav zakazivanja koji je jedinstven u industriji. Na\u0161 pristup po\u010dinje s racionalizacijom poslovnih financija tako da planiranje postaje prioritet. Va\u0161i savjetnici koordiniraju za u\u010dinkovito planiranje i rje\u0161enja!<\/em>![\/vc_column_text][\/vc_column][\/vc_row][vc_row][vc_column][wgl_spacing spacer_size=&#8221;30px&#8221;][wgl_custom_text font_size=&#8221;16&#8243;]<span style=\"color: #ffffff; background-color: #6cbe9f;\" class=\"highlighter\"><strong>U\u017ea specijalnost<\/strong><\/span><\/p>\n<ul>\n<li>Prekid u poslovanju<\/li>\n<li>Upravljanje rizicima<\/li>\n<li>Za\u0161tita imovine<\/li>\n<li>Zadr\u017eavanje najbitnijih zaposlenika<\/li>\n<li>Planiranje poslovnog duga<\/li>\n<li>Upravljanje imovinom<\/li>\n<li>Planiranje poreza na dohodak<\/li>\n<li>Maksimiziranje nov\u010danog toka<\/li>\n<li>Planiranje mirovine<\/li>\n<li>Planiranje naslje\u0111ivanja<\/li>\n<li>Poslovni interesi<\/li>\n<li>Planiranje izlaza za vlasnike<\/li>\n<\/ul>\n[\/wgl_custom_text][\/vc_column][\/vc_row][vc_row][vc_column][\/vc_column][\/vc_row]\n<\/section>","protected":false},"excerpt":{"rendered":"<p>[vc_row][vc_column][wgl_spacing spacer_size=&#8221;50&#8243;][wgl_double_headings align=&#8221;center&#8221; title_color=&#8221;#232323&#8243; subtitle_color=&#8221;#6cbe9f&#8221; bgtitle_color=&#8221;#f3f3f3&#8243; title=&#8221;O nama&#8221; bg_responsive_font=&#8221;true&#8221; bg_font_size_desctop=&#8221;120&#8243; bg_font_size_tablet=&#8221;90&#8243; bg_font_size_mobile=&#8221;50&#8243;][wgl_spacing spacer_size=&#8221;17&#8243;][\/vc_column][\/vc_row][vc_row][vc_column][vc_column_text]U prvim danima Balkan Business Planninga, svjesno smo se odlu\u010dili usredoto\u010diti na vlasnike poduze\u0107a. Od tada smo uslu\u017eili tisu\u0107e vlasnika tvrtki i usavr\u0161ili sustav zakazivanja koji je jedinstven u industriji. Na\u0161 pristup po\u010dinje s racionalizacijom poslovnih financija tako da planiranje postaje prioritet. Va\u0161i [&hellip;]<\/p>\n","protected":false},"author":2,"featured_media":3158,"parent":0,"menu_order":0,"comment_status":"closed","ping_status":"closed","template":"","meta":{"footnotes":""},"_links":{"self":[{"href":"https:\/\/balkanbusinessplanning.com\/hr\/wp-json\/wp\/v2\/pages\/3157"}],"collection":[{"href":"https:\/\/balkanbusinessplanning.com\/hr\/wp-json\/wp\/v2\/pages"}],"about":[{"href":"https:\/\/balkanbusinessplanning.com\/hr\/wp-json\/wp\/v2\/types\/page"}],"author":[{"embeddable":true,"href":"https:\/\/balkanbusinessplanning.com\/hr\/wp-json\/wp\/v2\/users\/2"}],"replies":[{"embeddable":true,"href":"https:\/\/balkanbusinessplanning.com\/hr\/wp-json\/wp\/v2\/comments?post=3157"}],"version-history":[{"count":5,"href":"https:\/\/balkanbusinessplanning.com\/hr\/wp-json\/wp\/v2\/pages\/3157\/revisions"}],"predecessor-version":[{"id":3170,"href":"https:\/\/balkanbusinessplanning.com\/hr\/wp-json\/wp\/v2\/pages\/3157\/revisions\/3170"}],"wp:featuredmedia":[{"embeddable":true,"href":"https:\/\/balkanbusinessplanning.com\/hr\/wp-json\/wp\/v2\/media\/3158"}],"wp:attachment":[{"href":"https:\/\/balkanbusinessplanning.com\/hr\/wp-json\/wp\/v2\/media?parent=3157"}],"curies":[{"name":"wp","href":"https:\/\/api.w.org\/{rel}","templated":true}]}}