{"id":3155,"date":"2018-10-16T11:29:29","date_gmt":"2018-10-16T11:29:29","guid":{"rendered":"https:\/\/balkanbusinessplanning.com\/pocetna-stranica\/"},"modified":"2023-11-22T19:56:06","modified_gmt":"2023-11-22T19:56:06","slug":"pocetna-stranica","status":"publish","type":"page","link":"https:\/\/balkanbusinessplanning.com\/hr\/","title":{"rendered":"Po\u010detna stranica"},"content":{"rendered":"<section class=\"wpb-content-wrapper\">[vc_row full_width=&#8221;stretch_row&#8221; css=&#8221;.vc_custom_1539693673155{margin-top: -40px !important;background-color: #f2f2f2 !important;}&#8221; el_class=&#8221;ovisible z-index-1&#8243;][vc_column css=&#8221;.vc_custom_1539692393064{margin-bottom: -200px !important;padding-top: 0px !important;}&#8221;][rev_slider_vc alias=&#8221;home-mk-1&#8243;][wgl_spacing spacer_size=&#8221;0&#8243; responsive_tablet=&#8221;true&#8221; size_tablet=&#8221;100&#8243; responsive_mobile=&#8221;true&#8221; size_mobile=&#8221;150&#8243; responsive_desktop=&#8221;true&#8221; size_desktops=&#8221;100&#8243;][\/vc_column][\/vc_row][vc_row][vc_column][wgl_spacing spacer_size=&#8221;250px&#8221; responsive_desktop=&#8221;true&#8221; size_desktops=&#8221;150&#8243; responsive_tablet=&#8221;true&#8221; size_tablet=&#8221;150&#8243; responsive_mobile=&#8221;true&#8221; size_mobile=&#8221;80&#8243;][wgl_double_headings align=&#8221;center&#8221; title_color=&#8221;#232323&#8243; subtitle_color=&#8221;#6cbe9f&#8221; bgtitle_color=&#8221;#f3f3f3&#8243; title=&#8221;Na\u0161a ponuda&#8221; bg_responsive_font=&#8221;true&#8221; bg_font_size_mobile=&#8221;50&#8243;][wgl_spacing spacer_size=&#8221;18px&#8221;][vc_row_inner][vc_column_inner offset=&#8221;vc_col-lg-offset-1 vc_col-lg-10 vc_col-md-offset-2 vc_col-md-8&#8243;][vc_column_text]\n<p style=\"text-align: center;\"><span style=\"font-weight: 400;\">Balkan Business Planning poma\u017ee vlasnicima tvrtki poput vas da integriraju svoje poslovne i osobne ciljeve planiranja. Znamo da za vas sve u va\u0161em financijskom svijetu po\u010dinje i zavr\u0161ava va\u0161im poslom. Bilo da se radi o planiranju mirovine ili odlukama o zdravstvenoj skrbi, va\u0161a situacija ne uklapa se u konvencionalno planiranje.<\/span><\/p>\n[\/vc_column_text][\/vc_column_inner][\/vc_row_inner][wgl_spacing spacer_size=&#8221;30px&#8221;][\/vc_column][\/vc_row][vc_row][vc_column width=&#8221;1\/2&#8243; offset=&#8221;vc_col-md-6&#8243;][wgl_flip_box fb_height=&#8221;400&#8243; front_bg_style=&#8221;front_image&#8221; back_bg_color=&#8221;#6cbe9f&#8221; back_logo_image=&#8221;418&#8243; back_descr=&#8221;Va\u0161a stru\u010dnost kao lije\u010dnika je u medicini, a Balkan Business Planning je specijalist u financijama. Dobro upravljanje poslovanjem klju\u010dno je za pru\u017eanje odgovaraju\u0107e skrbi pacijentima. Mnogi lije\u010dnici rade s financijskim stru\u010dnjacima kao \u0161to su financijski planeri, savjetnici, agenti osiguranja, ra\u010dunovo\u0111e i odvjetnici.&#8221; front_bg_image=&#8221;2837&#8243; front_title=&#8221;Zdravstveni radnici&#8221;][wgl_spacing spacer_size=&#8221;30px&#8221;][\/vc_column][vc_column width=&#8221;1\/2&#8243; offset=&#8221;vc_col-md-6&#8243;][wgl_flip_box fb_dir=&#8221;flip_bottom&#8221; fb_height=&#8221;400&#8243; front_bg_style=&#8221;front_image&#8221; back_bg_color=&#8221;#586b82&#8243; front_title=&#8221;Profesionalni sporta\u0161i&#8221; back_logo_image=&#8221;419&#8243; back_descr=&#8221;Svjesni smo da se sportski uspjeh temelji na metodi\u010dkoj disciplini, predanom trudu i dobro informiranim odlukama. Klju\u010dno je da radite s timom koji razumije va\u0161e vrijednosti, vodi vas i pru\u017ea podr\u0161ku dok napredujete kroz razli\u010dite faze svoje sportske karijere.&#8221; front_bg_image=&#8221;2937&#8243;][wgl_spacing spacer_size=&#8221;30px&#8221;][\/vc_column][\/vc_row][vc_row][vc_column][wgl_spacing spacer_size=&#8221;55&#8243;][\/vc_column][\/vc_row][vc_row full_width=&#8221;stretch_row_content_no_spaces&#8221; css=&#8221;.vc_custom_1539701840122{margin-bottom: -40px !important;}&#8221;][vc_column][vc_gmaps link=&#8221;#E-8_JTNDaWZyYW1lJTIwc3JjJTNEJTIyaHR0cHMlM0ElMkYlMkZ3d3cuZ29vZ2xlLmNvbSUyRm1hcHMlMkZlbWJlZCUzRnBiJTNEJTIxMW0xOCUyMTFtMTIlMjExbTMlMjExZDMzNTAuMjM0OTYyMTcwNDc2NiUyMTJkLTExNy4xOTU5MDMzODQ4MTUwMyUyMTNkMzIuODkxOTU1NDgwOTM3NDU1JTIxMm0zJTIxMWYwJTIxMmYwJTIxM2YwJTIxM20yJTIxMWkxMDI0JTIxMmk3NjglMjE0ZjEzLjElMjEzbTMlMjExbTIlMjExczB4ODBkYzA3NDEwNDg2MzNmMyUyNTNBMHg5MTY2NjgyYzg0ODFjNzdkJTIxMnpOVEk0TUNCRFlYSnliMnhzSUVOaGJubHZiaUJTWkNCVGRXbDBaU0F6TURBc0lGTmhiaUJFYVdWbmJ5d2dRMEVnT1RJeE1qRXNJTkNoMFpqUXRkQzAwTGpSbXRDMTBMM1F0U0RRbE5HQTBMYlFzTkN5MExVJTIxNWUwJTIxM20yJTIxMXNzciUyMTJzcnMlMjE0djE2ODU2MjM2NjQ1MDclMjE1bTIlMjExc3NyJTIxMnNycyUyMiUyMHdpZHRoJTNEJTIyODAwJTIyJTIwaGVpZ2h0JTNEJTIyNjAwJTIyJTIwc3R5bGUlM0QlMjJib3JkZXIlM0EwJTNCJTIyJTIwYWxsb3dmdWxsc2NyZWVuJTNEJTIyJTIyJTIwbG9hZGluZyUzRCUyMmxhenklMjIlMjByZWZlcnJlcnBvbGljeSUzRCUyMm5vLXJlZmVycmVyLXdoZW4tZG93bmdyYWRlJTIyJTNFJTNDJTJGaWZyYW1lJTNF&#8221;][\/vc_column][\/vc_row]\n<\/section>","protected":false},"excerpt":{"rendered":"<p>[vc_row full_width=&#8221;stretch_row&#8221; css=&#8221;.vc_custom_1539693673155{margin-top: -40px !important;background-color: #f2f2f2 !important;}&#8221; el_class=&#8221;ovisible z-index-1&#8243;][vc_column css=&#8221;.vc_custom_1539692393064{margin-bottom: -200px !important;padding-top: 0px !important;}&#8221;][rev_slider_vc alias=&#8221;home-mk-1&#8243;][wgl_spacing spacer_size=&#8221;0&#8243; responsive_tablet=&#8221;true&#8221; size_tablet=&#8221;100&#8243; responsive_mobile=&#8221;true&#8221; size_mobile=&#8221;150&#8243; responsive_desktop=&#8221;true&#8221; size_desktops=&#8221;100&#8243;][\/vc_column][\/vc_row][vc_row][vc_column][wgl_spacing spacer_size=&#8221;250px&#8221; responsive_desktop=&#8221;true&#8221; size_desktops=&#8221;150&#8243; responsive_tablet=&#8221;true&#8221; size_tablet=&#8221;150&#8243; responsive_mobile=&#8221;true&#8221; size_mobile=&#8221;80&#8243;][wgl_double_headings align=&#8221;center&#8221; title_color=&#8221;#232323&#8243; subtitle_color=&#8221;#6cbe9f&#8221; bgtitle_color=&#8221;#f3f3f3&#8243; title=&#8221;Na\u0161a ponuda&#8221; bg_responsive_font=&#8221;true&#8221; bg_font_size_mobile=&#8221;50&#8243;][wgl_spacing spacer_size=&#8221;18px&#8221;][vc_row_inner][vc_column_inner offset=&#8221;vc_col-lg-offset-1 vc_col-lg-10 vc_col-md-offset-2 vc_col-md-8&#8243;][vc_column_text] Balkan Business Planning poma\u017ee vlasnicima tvrtki poput vas da integriraju svoje poslovne i [&hellip;]<\/p>\n","protected":false},"author":2,"featured_media":0,"parent":0,"menu_order":0,"comment_status":"closed","ping_status":"closed","template":"","meta":{"footnotes":""},"_links":{"self":[{"href":"https:\/\/balkanbusinessplanning.com\/hr\/wp-json\/wp\/v2\/pages\/3155"}],"collection":[{"href":"https:\/\/balkanbusinessplanning.com\/hr\/wp-json\/wp\/v2\/pages"}],"about":[{"href":"https:\/\/balkanbusinessplanning.com\/hr\/wp-json\/wp\/v2\/types\/page"}],"author":[{"embeddable":true,"href":"https:\/\/balkanbusinessplanning.com\/hr\/wp-json\/wp\/v2\/users\/2"}],"replies":[{"embeddable":true,"href":"https:\/\/balkanbusinessplanning.com\/hr\/wp-json\/wp\/v2\/comments?post=3155"}],"version-history":[{"count":2,"href":"https:\/\/balkanbusinessplanning.com\/hr\/wp-json\/wp\/v2\/pages\/3155\/revisions"}],"predecessor-version":[{"id":3184,"href":"https:\/\/balkanbusinessplanning.com\/hr\/wp-json\/wp\/v2\/pages\/3155\/revisions\/3184"}],"wp:attachment":[{"href":"https:\/\/balkanbusinessplanning.com\/hr\/wp-json\/wp\/v2\/media?parent=3155"}],"curies":[{"name":"wp","href":"https:\/\/api.w.org\/{rel}","templated":true}]}}